{"id":5160,"date":"2020-03-22T13:43:12","date_gmt":"2020-03-22T13:43:12","guid":{"rendered":"https:\/\/ldtrans.hu\/lida\/?page_id=5160"},"modified":"2024-12-11T09:04:58","modified_gmt":"2024-12-11T08:04:58","slug":"tortenetunk","status":"publish","type":"page","link":"https:\/\/ldtrans.hu\/lida\/tortenetunk\/","title":{"rendered":"T\u00f6rt\u00e9net\u00fcnk"},"content":{"rendered":"\t\t<div data-elementor-type=\"wp-page\" data-elementor-id=\"5160\" class=\"elementor elementor-5160\">\n\t\t\t\t\t\t<section class=\"elementor-section elementor-top-section elementor-element elementor-element-3eba700 elementor-section-full_width elementor-section-stretched elementor-section-height-default elementor-section-height-default\" data-id=\"3eba700\" data-element_type=\"section\" data-settings=\"{&quot;stretch_section&quot;:&quot;section-stretched&quot;}\">\n\t\t\t\t\t\t<div class=\"elementor-container elementor-column-gap-default\">\n\t\t\t\t\t<div class=\"elementor-column elementor-col-100 elementor-top-column elementor-element elementor-element-0009224\" data-id=\"0009224\" data-element_type=\"column\">\n\t\t\t<div class=\"elementor-widget-wrap elementor-element-populated\">\n\t\t\t\t\t\t<div class=\"elementor-element elementor-element-2e87e75 elementor-widget elementor-widget-heading\" data-id=\"2e87e75\" data-element_type=\"widget\" data-widget_type=\"heading.default\">\n\t\t\t\t<div class=\"elementor-widget-container\">\n\t\t\t<h2 class=\"elementor-heading-title elementor-size-default\">A fut\u00e1rszolg\u00e1lat t\u00f6rt\u00e9nete<\/h2>\t\t<\/div>\n\t\t\t\t<\/div>\n\t\t\t\t<div class=\"elementor-element elementor-element-6f7cfd4 elementor-widget elementor-widget-text-editor\" data-id=\"6f7cfd4\" data-element_type=\"widget\" data-widget_type=\"text-editor.default\">\n\t\t\t\t<div class=\"elementor-widget-container\">\n\t\t\t\t\t\t\t<p><strong>Hogyan indult el az \u00e1lom 11 \u00e9vvel ezel\u0151tt<\/strong><\/p><p>11 \u00e9vvel ezel\u0151tt, amikor a fut\u00e1rszolg\u00e1latok piac\u00e1n m\u00e9g sokan csak a hagyom\u00e1nyos, lass\u00fa \u00e9s k\u00f6r\u00fclm\u00e9nyes sz\u00e1ll\u00edt\u00e1si m\u00f3dokat ismert\u00e9k, \u00fagy d\u00f6nt\u00f6ttem, hogy megteremtek valami \u00fajat. A c\u00e9lom egyszer\u0171 volt: gyors, megb\u00edzhat\u00f3 \u00e9s szem\u00e9lyre szabott szolg\u00e1ltat\u00e1st k\u00edn\u00e1lni azoknak, akik nem el\u00e9gedtek meg a hagyom\u00e1nyos megold\u00e1sokkal.<\/p><p><strong>Az alap\u00edt\u00e1s kezdetei: A v\u00edzi\u00f3 \u00e9s a kih\u00edv\u00e1sok<\/strong><\/p><p>Amikor elkezdtem a fut\u00e1rszolg\u00e1latot, m\u00e9g nem volt meg a m\u00e1rk\u00e1nk ismerts\u00e9ge, \u00e9s sz\u00e1mos kih\u00edv\u00e1ssal kellett szemben\u00e9zn\u00fcnk. Azonban mindig is arra t\u00f6rekedt\u00fcnk, hogy a legmodernebb technol\u00f3gi\u00e1kat alkalmazzuk a logisztikai folyamatainkban, mik\u00f6zben meg\u0151rizz\u00fck a szem\u00e9lyes kapcsolatot \u00fcgyfeleinkkel. A kezdetekben a 30 n\u00e9gyzetm\u00e9teres rakt\u00e1rban dolgoztam egy kis aut\u00f3val kezdtem, de hamarosan r\u00e1j\u00f6ttem, hogy a hat\u00e9konys\u00e1g n\u00f6vel\u00e9s\u00e9hez a csapat b\u0151v\u00edt\u00e9se \u00e9s a megfelel\u0151 eszk\u00f6z\u00f6k elengedhetetlenek.<\/p><p><strong>Fejl\u0151d\u00e9s \u00e9s innov\u00e1ci\u00f3: Hogyan alakult a szolg\u00e1ltat\u00e1sunk?<\/strong><\/p><p>Az \u00e9vek sor\u00e1n folyamatosan dolgoztunk azon, hogy mind a belf\u00f6ldi, mind a nemzetk\u00f6zi sz\u00e1ll\u00edtm\u00e1nyoz\u00e1s ter\u00fclet\u00e9n kiv\u00e1l\u00f3 min\u0151s\u00e9get k\u00edn\u00e1ljunk. Az \u00fcgyfelek visszajelz\u00e9sei seg\u00edtettek abban, hogy mindig a leg\u00fajabb ig\u00e9nyekhez igazodjunk, \u00e9s olyan \u00faj szolg\u00e1ltat\u00e1sokat vezess\u00fcnk be, amelyek megk\u00f6nny\u00edtik a mindennapi \u00e9letet. A dinamikus online rendszer\u00fcnk, a gyors v\u00e1laszid\u0151k \u00e9s a nyomk\u00f6vet\u00e9s bevezet\u00e9se mind hozz\u00e1j\u00e1rultak ahhoz, hogy megb\u00edzhat\u00f3s\u00e1gunkat a legjobb szintre emelj\u00fck.<\/p><p><strong>Csapatunk \u00e9s partnereink: A siker kulcsa<\/strong><\/p><p>A siker\u00fcnket nemcsak a modern technol\u00f3gia, hanem a rendk\u00edv\u00fcl elk\u00f6telezett csapatunk is biztos\u00edtotta. Sokan \u00fagy gondolj\u00e1k, hogy egy fut\u00e1rszolg\u00e1lat m\u0171k\u00f6dtet\u00e9se csak a j\u00e1rm\u0171vekr\u0151l \u00e9s a fut\u00e1rokr\u00f3l sz\u00f3l, de mi \u00fagy v\u00e9lj\u00fck, hogy a h\u00e1tt\u00e9rben dolgoz\u00f3 szakemberek \u2013 a diszp\u00e9cserek, logisztikai menedzserek \u00e9s \u00fcgyf\u00e9lszolg\u00e1latosok \u2013 ugyanolyan fontos szerepet j\u00e1tszanak. Sokat tanultunk egym\u00e1st\u00f3l, \u00e9s az \u00e9vek sor\u00e1n egy olyan k\u00f6z\u00f6ss\u00e9gg\u00e9 v\u00e1ltunk, amelynek minden tagja hozz\u00e1j\u00e1rul a sikerhez.<\/p><p><strong>Mi\u00e9rt v\u00e1lasszanak minket?<\/strong><\/p><ol><li style=\"list-style-type: none;\"><ol><li>Gyorsas\u00e1g \u00e9s megb\u00edzhat\u00f3s\u00e1g: Az id\u0151k folyam\u00e1n mindent megtett\u00fcnk, hogy a leggyorsabb \u00e9s legbiztosabb megold\u00e1sokat k\u00edn\u00e1ljuk \u00fcgyfeleink sz\u00e1m\u00e1ra.<\/li><li>Szem\u00e9lyre szabott szolg\u00e1ltat\u00e1sok: Mivel minden \u00fcgyf\u00e9l egyedi, \u00edgy minden sz\u00e1ll\u00edtm\u00e1nyoz\u00e1si ig\u00e9nyt igyeksz\u00fcnk szem\u00e9lyre szabott m\u00f3don kezelni.<\/li><li>Rugalmass\u00e1g: Legyen sz\u00f3 belf\u00f6ldi vagy nemzetk\u00f6zi k\u00fcldem\u00e9nyr\u0151l, mi mindenre felk\u00e9sz\u00fclt\u00fcnk, hogy minden sz\u00fcks\u00e9ges ig\u00e9nyt ki tudjunk szolg\u00e1lni.<\/li><\/ol><\/li><\/ol><p><strong>A j\u00f6v\u0151: Mi v\u00e1r r\u00e1nk?<\/strong><\/p><p>B\u00e1r 11 \u00e9v sok id\u0151, \u00fagy \u00e9rzem, hogy m\u00e9g csak most kezd\u0151dik igaz\u00e1n a t\u00f6rt\u00e9net\u00fcnk. A k\u00f6vetkez\u0151 \u00e9vekben \u00fajabb fejleszt\u00e9sekkel \u00e9s innovat\u00edv szolg\u00e1ltat\u00e1sokkal k\u00e9sz\u00fcl\u00fcnk, hogy m\u00e9g ink\u00e1bb megfelelj\u00fcnk a piacon felmer\u00fcl\u0151 \u00faj kih\u00edv\u00e1soknak. C\u00e9lunk tov\u00e1bbra is a min\u0151s\u00e9g \u00e9s a megb\u00edzhat\u00f3s\u00e1g biztos\u00edt\u00e1sa, mik\u00f6zben folyamatosan alkalmazkodunk a v\u00e1ltoz\u00f3 ig\u00e9nyekhez.<\/p><p>K\u00f6sz\u00f6nj\u00fck, hogy vel\u00fcnk tartottatok ezen az \u00faton! Tartsatok vel\u00fcnk tov\u00e1bbra is, \u00e9s ne habozzatok kapcsolatba l\u00e9pni vel\u00fcnk b\u00e1rmilyen sz\u00e1ll\u00edtm\u00e1nyoz\u00e1si k\u00e9rd\u00e9sben. Mi mindig itt vagyunk, hogy seg\u00edts\u00fcnk!<\/p>\t\t\t\t\t\t<\/div>\n\t\t\t\t<\/div>\n\t\t\t\t<div class=\"elementor-element elementor-element-5f0edcf elementor-position-top elementor-widget elementor-widget-image-box\" data-id=\"5f0edcf\" data-element_type=\"widget\" data-widget_type=\"image-box.default\">\n\t\t\t\t<div class=\"elementor-widget-container\">\n\t\t\t<div class=\"elementor-image-box-wrapper\"><figure class=\"elementor-image-box-img\"><img fetchpriority=\"high\" decoding=\"async\" width=\"300\" height=\"232\" src=\"https:\/\/ldtrans.hu\/lida\/wp-content\/uploads\/2024\/10\/logo_2024_a-300x232.jpg\" class=\"attachment-medium size-medium wp-image-43498\" alt=\"\" srcset=\"https:\/\/ldtrans.hu\/lida\/wp-content\/uploads\/2024\/10\/logo_2024_a-300x232.jpg 300w, https:\/\/ldtrans.hu\/lida\/wp-content\/uploads\/2024\/10\/logo_2024_a-768x595.jpg 768w, https:\/\/ldtrans.hu\/lida\/wp-content\/uploads\/2024\/10\/logo_2024_a.jpg 968w\" sizes=\"(max-width: 300px) 100vw, 300px\" \/><\/figure><div class=\"elementor-image-box-content\"><h3 class=\"elementor-image-box-title\">LDTRANS Logisztika Kft. <\/h3><p class=\"elementor-image-box-description\">Expressz fut\u00e1rszolg\u00e1lat, k\u00f6z\u00fati \u00e1rusz\u00e1ll\u00edt\u00e1s \u00e9s logisztikai szolg\u00e1ltat\u00e1sok<\/p><\/div><\/div>\t\t<\/div>\n\t\t\t\t<\/div>\n\t\t\t\t<div class=\"elementor-element elementor-element-2324f7a elementor-widget elementor-widget-icon-box\" data-id=\"2324f7a\" data-element_type=\"widget\" data-widget_type=\"icon-box.default\">\n\t\t\t\t<div class=\"elementor-widget-container\">\n\t\t\t\t\t<div class=\"elementor-icon-box-wrapper\">\n\n\t\t\t\n\t\t\t\t\t\t<div class=\"elementor-icon-box-content\">\n\n\t\t\t\t\t\t\t\t\t<div class=\"elementor-icon-box-title\">\n\t\t\t\t\t\t<span  >\n\t\t\t\t\t\t\tLIP\u00d3CZKI D\u00c1VID\t\t\t\t\t\t<\/span>\n\t\t\t\t\t<\/div>\n\t\t\t\t\n\t\t\t\t\t\t\t\t\t<p class=\"elementor-icon-box-description\">\n\t\t\t\t\t\ttulajdonos, \u00fcgyvezet\u0151\t\t\t\t\t<\/p>\n\t\t\t\t\n\t\t\t<\/div>\n\t\t\t\n\t\t<\/div>\n\t\t\t\t<\/div>\n\t\t\t\t<\/div>\n\t\t\t\t\t<\/div>\n\t\t<\/div>\n\t\t\t\t\t<\/div>\n\t\t<\/section>\n\t\t\t\t<section class=\"elementor-section elementor-top-section elementor-element elementor-element-6552f13 elementor-section-boxed elementor-section-height-default elementor-section-height-default\" data-id=\"6552f13\" data-element_type=\"section\">\n\t\t\t\t\t\t<div class=\"elementor-container elementor-column-gap-default\">\n\t\t\t\t\t<div class=\"elementor-column elementor-col-33 elementor-top-column elementor-element elementor-element-49442bb\" data-id=\"49442bb\" data-element_type=\"column\">\n\t\t\t<div class=\"elementor-widget-wrap\">\n\t\t\t\t\t\t\t<\/div>\n\t\t<\/div>\n\t\t\t\t<div class=\"elementor-column elementor-col-33 elementor-top-column elementor-element elementor-element-b42bea5\" data-id=\"b42bea5\" data-element_type=\"column\">\n\t\t\t<div class=\"elementor-widget-wrap elementor-element-populated\">\n\t\t\t\t\t\t<div class=\"elementor-element elementor-element-a7e0094 elementor-position-left elementor-vertical-align-middle elementor-widget__width-initial elementor-view-default elementor-mobile-position-top elementor-widget elementor-widget-icon-box\" data-id=\"a7e0094\" data-element_type=\"widget\" data-widget_type=\"icon-box.default\">\n\t\t\t\t<div class=\"elementor-widget-container\">\n\t\t\t\t\t<div class=\"elementor-icon-box-wrapper\">\n\n\t\t\t\t\t\t<div class=\"elementor-icon-box-icon\">\n\t\t\t\t<span  class=\"elementor-icon elementor-animation-\">\n\t\t\t\t<i aria-hidden=\"true\" class=\"fas fa-phone\"><\/i>\t\t\t\t<\/span>\n\t\t\t<\/div>\n\t\t\t\n\t\t\t\t\t\t<div class=\"elementor-icon-box-content\">\n\n\t\t\t\t\t\t\t\t\t<h3 class=\"elementor-icon-box-title\">\n\t\t\t\t\t\t<span  >\n\t\t\t\t\t\t\t+36 70 601 0441 \/ +36 70 307 5885\t\t\t\t\t\t<\/span>\n\t\t\t\t\t<\/h3>\n\t\t\t\t\n\t\t\t\t\t\t\t\t\t<p class=\"elementor-icon-box-description\">\n\t\t\t\t\t\tH\u00edvjon minket bizalommal, \u00f6r\u00f6mmel seg\u00edt\u00fcnk!\t\t\t\t\t<\/p>\n\t\t\t\t\n\t\t\t<\/div>\n\t\t\t\n\t\t<\/div>\n\t\t\t\t<\/div>\n\t\t\t\t<\/div>\n\t\t\t\t\t<\/div>\n\t\t<\/div>\n\t\t\t\t<div class=\"elementor-column elementor-col-33 elementor-top-column elementor-element elementor-element-48f83dd\" data-id=\"48f83dd\" data-element_type=\"column\">\n\t\t\t<div class=\"elementor-widget-wrap\">\n\t\t\t\t\t\t\t<\/div>\n\t\t<\/div>\n\t\t\t\t\t<\/div>\n\t\t<\/section>\n\t\t\t\t<\/div>\n\t\t","protected":false},"excerpt":{"rendered":"<p>A fut\u00e1rszolg\u00e1lat t\u00f6rt\u00e9nete Hogyan indult el az \u00e1lom 11 \u00e9vvel ezel\u0151tt 11 \u00e9vvel ezel\u0151tt, amikor a fut\u00e1rszolg\u00e1latok piac\u00e1n m\u00e9g sokan csak a hagyom\u00e1nyos, lass\u00fa \u00e9s k\u00f6r\u00fclm\u00e9nyes sz\u00e1ll\u00edt\u00e1si m\u00f3dokat ismert\u00e9k, \u00fagy d\u00f6nt\u00f6ttem, hogy megteremtek valami \u00fajat. A c\u00e9lom egyszer\u0171 volt: gyors, megb\u00edzhat\u00f3 \u00e9s szem\u00e9lyre szabott szolg\u00e1ltat\u00e1st k\u00edn\u00e1lni azoknak, akik nem el\u00e9gedtek meg a hagyom\u00e1nyos megold\u00e1sokkal. Az &hellip; <\/p>\n<p class=\"link-more\"><a href=\"https:\/\/ldtrans.hu\/lida\/tortenetunk\/\" class=\"more-link\"><span class=\"screen-reader-text\">&#8222;T\u00f6rt\u00e9net\u00fcnk&#8221;<\/span> b\u0151vebben<\/a><\/p>\n","protected":false},"author":1,"featured_media":0,"parent":0,"menu_order":0,"comment_status":"closed","ping_status":"closed","template":"","meta":{"footnotes":""},"class_list":["post-5160","page","type-page","status-publish","hentry"],"yoast_head":"<!-- This site is optimized with the Yoast SEO plugin v24.3 - https:\/\/yoast.com\/wordpress\/plugins\/seo\/ -->\n<title>T\u00f6rt\u00e9net\u00fcnk - LDTRANS Logisztika Kft.<\/title>\n<meta name=\"description\" content=\"Folyamatosan dolgozunk azon, hogy az LDTRANS mind a belf\u00f6ldi, mind a nemzetk\u00f6zi sz\u00e1ll\u00edtm\u00e1nyoz\u00e1s ter\u00fclet\u00e9n kiv\u00e1l\u00f3 min\u0151s\u00e9get k\u00edn\u00e1ljon.\" \/>\n<meta name=\"robots\" content=\"index, follow, max-snippet:-1, max-image-preview:large, max-video-preview:-1\" \/>\n<link rel=\"canonical\" href=\"https:\/\/ldtrans.hu\/lida\/tortenetunk\/\" \/>\n<meta property=\"og:locale\" content=\"hu_HU\" \/>\n<meta property=\"og:type\" content=\"article\" \/>\n<meta property=\"og:title\" content=\"T\u00f6rt\u00e9net\u00fcnk - LDTRANS Logisztika Kft.\" \/>\n<meta property=\"og:description\" content=\"Folyamatosan dolgozunk azon, hogy az LDTRANS mind a belf\u00f6ldi, mind a nemzetk\u00f6zi sz\u00e1ll\u00edtm\u00e1nyoz\u00e1s ter\u00fclet\u00e9n kiv\u00e1l\u00f3 min\u0151s\u00e9get k\u00edn\u00e1ljon.\" \/>\n<meta property=\"og:url\" content=\"https:\/\/ldtrans.hu\/lida\/tortenetunk\/\" \/>\n<meta property=\"og:site_name\" content=\"LDTRANS Logisztika Kft.\" \/>\n<meta property=\"article:publisher\" content=\"https:\/\/www.facebook.com\/profile.php?id=100037601268530\" \/>\n<meta property=\"article:modified_time\" content=\"2024-12-11T08:04:58+00:00\" \/>\n<meta property=\"og:image\" content=\"https:\/\/ldtrans.hu\/lida\/wp-content\/uploads\/2024\/10\/logo_2024_a.jpg\" \/>\n\t<meta property=\"og:image:width\" content=\"968\" \/>\n\t<meta property=\"og:image:height\" content=\"750\" \/>\n\t<meta property=\"og:image:type\" content=\"image\/jpeg\" \/>\n<meta name=\"twitter:card\" content=\"summary_large_image\" \/>\n<meta name=\"twitter:label1\" content=\"Becs\u00fclt olvas\u00e1si id\u0151\" \/>\n\t<meta name=\"twitter:data1\" content=\"3 perc\" \/>\n<script type=\"application\/ld+json\" class=\"yoast-schema-graph\">{\"@context\":\"https:\/\/schema.org\",\"@graph\":[{\"@type\":\"WebPage\",\"@id\":\"https:\/\/ldtrans.hu\/lida\/tortenetunk\/\",\"url\":\"https:\/\/ldtrans.hu\/lida\/tortenetunk\/\",\"name\":\"T\u00f6rt\u00e9net\u00fcnk - LDTRANS Logisztika Kft.\",\"isPartOf\":{\"@id\":\"https:\/\/ldtrans.hu\/lida\/#website\"},\"primaryImageOfPage\":{\"@id\":\"https:\/\/ldtrans.hu\/lida\/tortenetunk\/#primaryimage\"},\"image\":{\"@id\":\"https:\/\/ldtrans.hu\/lida\/tortenetunk\/#primaryimage\"},\"thumbnailUrl\":\"https:\/\/ldtrans.hu\/lida\/wp-content\/uploads\/2024\/10\/logo_2024_a-300x232.jpg\",\"datePublished\":\"2020-03-22T13:43:12+00:00\",\"dateModified\":\"2024-12-11T08:04:58+00:00\",\"description\":\"Folyamatosan dolgozunk azon, hogy az LDTRANS mind a belf\u00f6ldi, mind a nemzetk\u00f6zi sz\u00e1ll\u00edtm\u00e1nyoz\u00e1s ter\u00fclet\u00e9n kiv\u00e1l\u00f3 min\u0151s\u00e9get k\u00edn\u00e1ljon.\",\"breadcrumb\":{\"@id\":\"https:\/\/ldtrans.hu\/lida\/tortenetunk\/#breadcrumb\"},\"inLanguage\":\"hu\",\"potentialAction\":[{\"@type\":\"ReadAction\",\"target\":[\"https:\/\/ldtrans.hu\/lida\/tortenetunk\/\"]}]},{\"@type\":\"ImageObject\",\"inLanguage\":\"hu\",\"@id\":\"https:\/\/ldtrans.hu\/lida\/tortenetunk\/#primaryimage\",\"url\":\"https:\/\/ldtrans.hu\/lida\/wp-content\/uploads\/2024\/10\/logo_2024_a.jpg\",\"contentUrl\":\"https:\/\/ldtrans.hu\/lida\/wp-content\/uploads\/2024\/10\/logo_2024_a.jpg\",\"width\":968,\"height\":750},{\"@type\":\"BreadcrumbList\",\"@id\":\"https:\/\/ldtrans.hu\/lida\/tortenetunk\/#breadcrumb\",\"itemListElement\":[{\"@type\":\"ListItem\",\"position\":1,\"name\":\"Kezd\u0151lap\",\"item\":\"https:\/\/ldtrans.hu\/lida\/\"},{\"@type\":\"ListItem\",\"position\":2,\"name\":\"T\u00f6rt\u00e9net\u00fcnk\"}]},{\"@type\":\"WebSite\",\"@id\":\"https:\/\/ldtrans.hu\/lida\/#website\",\"url\":\"https:\/\/ldtrans.hu\/lida\/\",\"name\":\"LDTRANS\",\"description\":\"Expressz fut\u00e1rszolg\u00e1lat, k\u00f6z\u00fati \u00e1rusz\u00e1ll\u00edt\u00e1s \u00e9s logisztikai szolg\u00e1ltat\u00e1sok\",\"publisher\":{\"@id\":\"https:\/\/ldtrans.hu\/lida\/#organization\"},\"potentialAction\":[{\"@type\":\"SearchAction\",\"target\":{\"@type\":\"EntryPoint\",\"urlTemplate\":\"https:\/\/ldtrans.hu\/lida\/?s={search_term_string}\"},\"query-input\":{\"@type\":\"PropertyValueSpecification\",\"valueRequired\":true,\"valueName\":\"search_term_string\"}}],\"inLanguage\":\"hu\"},{\"@type\":\"Organization\",\"@id\":\"https:\/\/ldtrans.hu\/lida\/#organization\",\"name\":\"LDTRANS Kft.\",\"url\":\"https:\/\/ldtrans.hu\/lida\/\",\"logo\":{\"@type\":\"ImageObject\",\"inLanguage\":\"hu\",\"@id\":\"https:\/\/ldtrans.hu\/lida\/#\/schema\/logo\/image\/\",\"url\":\"https:\/\/ldtrans.hu\/lida\/wp-content\/uploads\/2024\/10\/cropped-logo_2024_a_icon.png\",\"contentUrl\":\"https:\/\/ldtrans.hu\/lida\/wp-content\/uploads\/2024\/10\/cropped-logo_2024_a_icon.png\",\"width\":322,\"height\":250,\"caption\":\"LDTRANS Kft.\"},\"image\":{\"@id\":\"https:\/\/ldtrans.hu\/lida\/#\/schema\/logo\/image\/\"},\"sameAs\":[\"https:\/\/www.facebook.com\/profile.php?id=100037601268530\"]}]}<\/script>\n<!-- \/ Yoast SEO plugin. -->","yoast_head_json":{"title":"T\u00f6rt\u00e9net\u00fcnk - LDTRANS Logisztika Kft.","description":"Folyamatosan dolgozunk azon, hogy az LDTRANS mind a belf\u00f6ldi, mind a nemzetk\u00f6zi sz\u00e1ll\u00edtm\u00e1nyoz\u00e1s ter\u00fclet\u00e9n kiv\u00e1l\u00f3 min\u0151s\u00e9get k\u00edn\u00e1ljon.","robots":{"index":"index","follow":"follow","max-snippet":"max-snippet:-1","max-image-preview":"max-image-preview:large","max-video-preview":"max-video-preview:-1"},"canonical":"https:\/\/ldtrans.hu\/lida\/tortenetunk\/","og_locale":"hu_HU","og_type":"article","og_title":"T\u00f6rt\u00e9net\u00fcnk - LDTRANS Logisztika Kft.","og_description":"Folyamatosan dolgozunk azon, hogy az LDTRANS mind a belf\u00f6ldi, mind a nemzetk\u00f6zi sz\u00e1ll\u00edtm\u00e1nyoz\u00e1s ter\u00fclet\u00e9n kiv\u00e1l\u00f3 min\u0151s\u00e9get k\u00edn\u00e1ljon.","og_url":"https:\/\/ldtrans.hu\/lida\/tortenetunk\/","og_site_name":"LDTRANS Logisztika Kft.","article_publisher":"https:\/\/www.facebook.com\/profile.php?id=100037601268530","article_modified_time":"2024-12-11T08:04:58+00:00","og_image":[{"width":968,"height":750,"url":"https:\/\/ldtrans.hu\/lida\/wp-content\/uploads\/2024\/10\/logo_2024_a.jpg","type":"image\/jpeg"}],"twitter_card":"summary_large_image","twitter_misc":{"Becs\u00fclt olvas\u00e1si id\u0151":"3 perc"},"schema":{"@context":"https:\/\/schema.org","@graph":[{"@type":"WebPage","@id":"https:\/\/ldtrans.hu\/lida\/tortenetunk\/","url":"https:\/\/ldtrans.hu\/lida\/tortenetunk\/","name":"T\u00f6rt\u00e9net\u00fcnk - LDTRANS Logisztika Kft.","isPartOf":{"@id":"https:\/\/ldtrans.hu\/lida\/#website"},"primaryImageOfPage":{"@id":"https:\/\/ldtrans.hu\/lida\/tortenetunk\/#primaryimage"},"image":{"@id":"https:\/\/ldtrans.hu\/lida\/tortenetunk\/#primaryimage"},"thumbnailUrl":"https:\/\/ldtrans.hu\/lida\/wp-content\/uploads\/2024\/10\/logo_2024_a-300x232.jpg","datePublished":"2020-03-22T13:43:12+00:00","dateModified":"2024-12-11T08:04:58+00:00","description":"Folyamatosan dolgozunk azon, hogy az LDTRANS mind a belf\u00f6ldi, mind a nemzetk\u00f6zi sz\u00e1ll\u00edtm\u00e1nyoz\u00e1s ter\u00fclet\u00e9n kiv\u00e1l\u00f3 min\u0151s\u00e9get k\u00edn\u00e1ljon.","breadcrumb":{"@id":"https:\/\/ldtrans.hu\/lida\/tortenetunk\/#breadcrumb"},"inLanguage":"hu","potentialAction":[{"@type":"ReadAction","target":["https:\/\/ldtrans.hu\/lida\/tortenetunk\/"]}]},{"@type":"ImageObject","inLanguage":"hu","@id":"https:\/\/ldtrans.hu\/lida\/tortenetunk\/#primaryimage","url":"https:\/\/ldtrans.hu\/lida\/wp-content\/uploads\/2024\/10\/logo_2024_a.jpg","contentUrl":"https:\/\/ldtrans.hu\/lida\/wp-content\/uploads\/2024\/10\/logo_2024_a.jpg","width":968,"height":750},{"@type":"BreadcrumbList","@id":"https:\/\/ldtrans.hu\/lida\/tortenetunk\/#breadcrumb","itemListElement":[{"@type":"ListItem","position":1,"name":"Kezd\u0151lap","item":"https:\/\/ldtrans.hu\/lida\/"},{"@type":"ListItem","position":2,"name":"T\u00f6rt\u00e9net\u00fcnk"}]},{"@type":"WebSite","@id":"https:\/\/ldtrans.hu\/lida\/#website","url":"https:\/\/ldtrans.hu\/lida\/","name":"LDTRANS","description":"Expressz fut\u00e1rszolg\u00e1lat, k\u00f6z\u00fati \u00e1rusz\u00e1ll\u00edt\u00e1s \u00e9s logisztikai szolg\u00e1ltat\u00e1sok","publisher":{"@id":"https:\/\/ldtrans.hu\/lida\/#organization"},"potentialAction":[{"@type":"SearchAction","target":{"@type":"EntryPoint","urlTemplate":"https:\/\/ldtrans.hu\/lida\/?s={search_term_string}"},"query-input":{"@type":"PropertyValueSpecification","valueRequired":true,"valueName":"search_term_string"}}],"inLanguage":"hu"},{"@type":"Organization","@id":"https:\/\/ldtrans.hu\/lida\/#organization","name":"LDTRANS Kft.","url":"https:\/\/ldtrans.hu\/lida\/","logo":{"@type":"ImageObject","inLanguage":"hu","@id":"https:\/\/ldtrans.hu\/lida\/#\/schema\/logo\/image\/","url":"https:\/\/ldtrans.hu\/lida\/wp-content\/uploads\/2024\/10\/cropped-logo_2024_a_icon.png","contentUrl":"https:\/\/ldtrans.hu\/lida\/wp-content\/uploads\/2024\/10\/cropped-logo_2024_a_icon.png","width":322,"height":250,"caption":"LDTRANS Kft."},"image":{"@id":"https:\/\/ldtrans.hu\/lida\/#\/schema\/logo\/image\/"},"sameAs":["https:\/\/www.facebook.com\/profile.php?id=100037601268530"]}]}},"_links":{"self":[{"href":"https:\/\/ldtrans.hu\/lida\/wp-json\/wp\/v2\/pages\/5160","targetHints":{"allow":["GET"]}}],"collection":[{"href":"https:\/\/ldtrans.hu\/lida\/wp-json\/wp\/v2\/pages"}],"about":[{"href":"https:\/\/ldtrans.hu\/lida\/wp-json\/wp\/v2\/types\/page"}],"author":[{"embeddable":true,"href":"https:\/\/ldtrans.hu\/lida\/wp-json\/wp\/v2\/users\/1"}],"replies":[{"embeddable":true,"href":"https:\/\/ldtrans.hu\/lida\/wp-json\/wp\/v2\/comments?post=5160"}],"version-history":[{"count":0,"href":"https:\/\/ldtrans.hu\/lida\/wp-json\/wp\/v2\/pages\/5160\/revisions"}],"wp:attachment":[{"href":"https:\/\/ldtrans.hu\/lida\/wp-json\/wp\/v2\/media?parent=5160"}],"curies":[{"name":"wp","href":"https:\/\/api.w.org\/{rel}","templated":true}]}}