{"id":37677,"date":"2022-12-12T13:45:09","date_gmt":"2022-12-12T11:45:09","guid":{"rendered":"https:\/\/ldtrans.hu\/lida\/?page_id=37677"},"modified":"2024-10-14T11:52:00","modified_gmt":"2024-10-14T09:52:00","slug":"csomagkovetes","status":"publish","type":"page","link":"https:\/\/ldtrans.hu\/lida\/csomagkovetes\/","title":{"rendered":"Csomagk\u00f6vet\u00e9s"},"content":{"rendered":"\n<p class=\"has-text-align-center site-content\"><sub>Haszn\u00e1lja a csomagk\u00f6vet\u00e9shez kapott csomagazonos\u00edt\u00f3t!<\/sub><\/p>\n\n\n\n<div class=\"ptrack-container\" style=\"padding-top:0px;\"><iframe class=\"ptrack-frame lazyload\" data-src=\"https:\/\/ldt.ldtrans.hu\/track.php\" frameborder=\"0\" scrolling=\"no\" style=\"height:1550px;width:100%; src=\"data:image\/gif;base64,R0lGODlhAQABAAAAACH5BAEKAAEALAAAAAABAAEAAAICTAEAOw==\" data-load-mode=\"1\"><\/iframe><\/div>\n\n\n\n<p><\/p>\n","protected":false},"excerpt":{"rendered":"<p>Haszn\u00e1lja a csomagk\u00f6vet\u00e9shez kapott csomagazonos\u00edt\u00f3t!<\/p>\n","protected":false},"author":1,"featured_media":0,"parent":0,"menu_order":0,"comment_status":"closed","ping_status":"closed","template":"","meta":{"footnotes":""},"class_list":["post-37677","page","type-page","status-publish","hentry"],"yoast_head":"<!-- This site is optimized with the Yoast SEO plugin v24.3 - https:\/\/yoast.com\/wordpress\/plugins\/seo\/ -->\n<title>Csomagk\u00f6vet\u00e9s - LDTRANS.HU<\/title>\n<meta name=\"description\" content=\"Csomagk\u00f6vet\u00e9s az 5 jegy\u0171 csomagazonos\u00edt\u00f3 haszn\u00e1lat\u00e1val, egyszer\u0171en \u00e9s gyorsan. N\u00e9zze meg hol j\u00e1r \u00e9ppen a k\u00fcldem\u00e9nye!\" \/>\n<meta name=\"robots\" content=\"index, follow, max-snippet:-1, max-image-preview:large, max-video-preview:-1\" \/>\n<link rel=\"canonical\" href=\"https:\/\/ldtrans.hu\/lida\/csomagkovetes\/\" \/>\n<meta property=\"og:locale\" content=\"hu_HU\" \/>\n<meta property=\"og:type\" content=\"article\" \/>\n<meta property=\"og:title\" content=\"Csomagk\u00f6vet\u00e9s - LDTRANS.HU\" \/>\n<meta property=\"og:description\" content=\"Csomagk\u00f6vet\u00e9s az 5 jegy\u0171 csomagazonos\u00edt\u00f3 haszn\u00e1lat\u00e1val, egyszer\u0171en \u00e9s gyorsan. N\u00e9zze meg hol j\u00e1r \u00e9ppen a k\u00fcldem\u00e9nye!\" \/>\n<meta property=\"og:url\" content=\"https:\/\/ldtrans.hu\/lida\/csomagkovetes\/\" \/>\n<meta property=\"og:site_name\" content=\"LDTRANS Logisztika Kft.\" \/>\n<meta property=\"article:publisher\" content=\"https:\/\/www.facebook.com\/profile.php?id=100037601268530\" \/>\n<meta property=\"article:modified_time\" content=\"2024-10-14T09:52:00+00:00\" \/>\n<meta property=\"og:image\" content=\"https:\/\/ldtrans.hu\/lida\/wp-content\/uploads\/2024\/10\/logo_2024_a.jpg\" \/>\n\t<meta property=\"og:image:width\" content=\"968\" \/>\n\t<meta property=\"og:image:height\" content=\"750\" \/>\n\t<meta property=\"og:image:type\" content=\"image\/jpeg\" \/>\n<meta name=\"twitter:card\" content=\"summary_large_image\" \/>\n<meta name=\"twitter:label1\" content=\"Becs\u00fclt olvas\u00e1si id\u0151\" \/>\n\t<meta name=\"twitter:data1\" content=\"1 perc\" \/>\n<script type=\"application\/ld+json\" class=\"yoast-schema-graph\">{\"@context\":\"https:\/\/schema.org\",\"@graph\":[{\"@type\":\"WebPage\",\"@id\":\"https:\/\/ldtrans.hu\/lida\/csomagkovetes\/\",\"url\":\"https:\/\/ldtrans.hu\/lida\/csomagkovetes\/\",\"name\":\"Csomagk\u00f6vet\u00e9s - LDTRANS.HU\",\"isPartOf\":{\"@id\":\"https:\/\/ldtrans.hu\/lida\/#website\"},\"datePublished\":\"2022-12-12T11:45:09+00:00\",\"dateModified\":\"2024-10-14T09:52:00+00:00\",\"description\":\"Csomagk\u00f6vet\u00e9s az 5 jegy\u0171 csomagazonos\u00edt\u00f3 haszn\u00e1lat\u00e1val, egyszer\u0171en \u00e9s gyorsan. N\u00e9zze meg hol j\u00e1r \u00e9ppen a k\u00fcldem\u00e9nye!\",\"breadcrumb\":{\"@id\":\"https:\/\/ldtrans.hu\/lida\/csomagkovetes\/#breadcrumb\"},\"inLanguage\":\"hu\",\"potentialAction\":[{\"@type\":\"ReadAction\",\"target\":[\"https:\/\/ldtrans.hu\/lida\/csomagkovetes\/\"]}]},{\"@type\":\"BreadcrumbList\",\"@id\":\"https:\/\/ldtrans.hu\/lida\/csomagkovetes\/#breadcrumb\",\"itemListElement\":[{\"@type\":\"ListItem\",\"position\":1,\"name\":\"Kezd\u0151lap\",\"item\":\"https:\/\/ldtrans.hu\/lida\/\"},{\"@type\":\"ListItem\",\"position\":2,\"name\":\"Csomagk\u00f6vet\u00e9s\"}]},{\"@type\":\"WebSite\",\"@id\":\"https:\/\/ldtrans.hu\/lida\/#website\",\"url\":\"https:\/\/ldtrans.hu\/lida\/\",\"name\":\"LDTRANS\",\"description\":\"Expressz fut\u00e1rszolg\u00e1lat, k\u00f6z\u00fati \u00e1rusz\u00e1ll\u00edt\u00e1s \u00e9s logisztikai szolg\u00e1ltat\u00e1sok\",\"publisher\":{\"@id\":\"https:\/\/ldtrans.hu\/lida\/#organization\"},\"potentialAction\":[{\"@type\":\"SearchAction\",\"target\":{\"@type\":\"EntryPoint\",\"urlTemplate\":\"https:\/\/ldtrans.hu\/lida\/?s={search_term_string}\"},\"query-input\":{\"@type\":\"PropertyValueSpecification\",\"valueRequired\":true,\"valueName\":\"search_term_string\"}}],\"inLanguage\":\"hu\"},{\"@type\":\"Organization\",\"@id\":\"https:\/\/ldtrans.hu\/lida\/#organization\",\"name\":\"LDTRANS Kft.\",\"url\":\"https:\/\/ldtrans.hu\/lida\/\",\"logo\":{\"@type\":\"ImageObject\",\"inLanguage\":\"hu\",\"@id\":\"https:\/\/ldtrans.hu\/lida\/#\/schema\/logo\/image\/\",\"url\":\"https:\/\/ldtrans.hu\/lida\/wp-content\/uploads\/2024\/10\/cropped-logo_2024_a_icon.png\",\"contentUrl\":\"https:\/\/ldtrans.hu\/lida\/wp-content\/uploads\/2024\/10\/cropped-logo_2024_a_icon.png\",\"width\":322,\"height\":250,\"caption\":\"LDTRANS Kft.\"},\"image\":{\"@id\":\"https:\/\/ldtrans.hu\/lida\/#\/schema\/logo\/image\/\"},\"sameAs\":[\"https:\/\/www.facebook.com\/profile.php?id=100037601268530\"]}]}<\/script>\n<!-- \/ Yoast SEO plugin. -->","yoast_head_json":{"title":"Csomagk\u00f6vet\u00e9s - LDTRANS.HU","description":"Csomagk\u00f6vet\u00e9s az 5 jegy\u0171 csomagazonos\u00edt\u00f3 haszn\u00e1lat\u00e1val, egyszer\u0171en \u00e9s gyorsan. N\u00e9zze meg hol j\u00e1r \u00e9ppen a k\u00fcldem\u00e9nye!","robots":{"index":"index","follow":"follow","max-snippet":"max-snippet:-1","max-image-preview":"max-image-preview:large","max-video-preview":"max-video-preview:-1"},"canonical":"https:\/\/ldtrans.hu\/lida\/csomagkovetes\/","og_locale":"hu_HU","og_type":"article","og_title":"Csomagk\u00f6vet\u00e9s - LDTRANS.HU","og_description":"Csomagk\u00f6vet\u00e9s az 5 jegy\u0171 csomagazonos\u00edt\u00f3 haszn\u00e1lat\u00e1val, egyszer\u0171en \u00e9s gyorsan. N\u00e9zze meg hol j\u00e1r \u00e9ppen a k\u00fcldem\u00e9nye!","og_url":"https:\/\/ldtrans.hu\/lida\/csomagkovetes\/","og_site_name":"LDTRANS Logisztika Kft.","article_publisher":"https:\/\/www.facebook.com\/profile.php?id=100037601268530","article_modified_time":"2024-10-14T09:52:00+00:00","og_image":[{"width":968,"height":750,"url":"https:\/\/ldtrans.hu\/lida\/wp-content\/uploads\/2024\/10\/logo_2024_a.jpg","type":"image\/jpeg"}],"twitter_card":"summary_large_image","twitter_misc":{"Becs\u00fclt olvas\u00e1si id\u0151":"1 perc"},"schema":{"@context":"https:\/\/schema.org","@graph":[{"@type":"WebPage","@id":"https:\/\/ldtrans.hu\/lida\/csomagkovetes\/","url":"https:\/\/ldtrans.hu\/lida\/csomagkovetes\/","name":"Csomagk\u00f6vet\u00e9s - LDTRANS.HU","isPartOf":{"@id":"https:\/\/ldtrans.hu\/lida\/#website"},"datePublished":"2022-12-12T11:45:09+00:00","dateModified":"2024-10-14T09:52:00+00:00","description":"Csomagk\u00f6vet\u00e9s az 5 jegy\u0171 csomagazonos\u00edt\u00f3 haszn\u00e1lat\u00e1val, egyszer\u0171en \u00e9s gyorsan. N\u00e9zze meg hol j\u00e1r \u00e9ppen a k\u00fcldem\u00e9nye!","breadcrumb":{"@id":"https:\/\/ldtrans.hu\/lida\/csomagkovetes\/#breadcrumb"},"inLanguage":"hu","potentialAction":[{"@type":"ReadAction","target":["https:\/\/ldtrans.hu\/lida\/csomagkovetes\/"]}]},{"@type":"BreadcrumbList","@id":"https:\/\/ldtrans.hu\/lida\/csomagkovetes\/#breadcrumb","itemListElement":[{"@type":"ListItem","position":1,"name":"Kezd\u0151lap","item":"https:\/\/ldtrans.hu\/lida\/"},{"@type":"ListItem","position":2,"name":"Csomagk\u00f6vet\u00e9s"}]},{"@type":"WebSite","@id":"https:\/\/ldtrans.hu\/lida\/#website","url":"https:\/\/ldtrans.hu\/lida\/","name":"LDTRANS","description":"Expressz fut\u00e1rszolg\u00e1lat, k\u00f6z\u00fati \u00e1rusz\u00e1ll\u00edt\u00e1s \u00e9s logisztikai szolg\u00e1ltat\u00e1sok","publisher":{"@id":"https:\/\/ldtrans.hu\/lida\/#organization"},"potentialAction":[{"@type":"SearchAction","target":{"@type":"EntryPoint","urlTemplate":"https:\/\/ldtrans.hu\/lida\/?s={search_term_string}"},"query-input":{"@type":"PropertyValueSpecification","valueRequired":true,"valueName":"search_term_string"}}],"inLanguage":"hu"},{"@type":"Organization","@id":"https:\/\/ldtrans.hu\/lida\/#organization","name":"LDTRANS Kft.","url":"https:\/\/ldtrans.hu\/lida\/","logo":{"@type":"ImageObject","inLanguage":"hu","@id":"https:\/\/ldtrans.hu\/lida\/#\/schema\/logo\/image\/","url":"https:\/\/ldtrans.hu\/lida\/wp-content\/uploads\/2024\/10\/cropped-logo_2024_a_icon.png","contentUrl":"https:\/\/ldtrans.hu\/lida\/wp-content\/uploads\/2024\/10\/cropped-logo_2024_a_icon.png","width":322,"height":250,"caption":"LDTRANS Kft."},"image":{"@id":"https:\/\/ldtrans.hu\/lida\/#\/schema\/logo\/image\/"},"sameAs":["https:\/\/www.facebook.com\/profile.php?id=100037601268530"]}]}},"_links":{"self":[{"href":"https:\/\/ldtrans.hu\/lida\/wp-json\/wp\/v2\/pages\/37677","targetHints":{"allow":["GET"]}}],"collection":[{"href":"https:\/\/ldtrans.hu\/lida\/wp-json\/wp\/v2\/pages"}],"about":[{"href":"https:\/\/ldtrans.hu\/lida\/wp-json\/wp\/v2\/types\/page"}],"author":[{"embeddable":true,"href":"https:\/\/ldtrans.hu\/lida\/wp-json\/wp\/v2\/users\/1"}],"replies":[{"embeddable":true,"href":"https:\/\/ldtrans.hu\/lida\/wp-json\/wp\/v2\/comments?post=37677"}],"version-history":[{"count":0,"href":"https:\/\/ldtrans.hu\/lida\/wp-json\/wp\/v2\/pages\/37677\/revisions"}],"wp:attachment":[{"href":"https:\/\/ldtrans.hu\/lida\/wp-json\/wp\/v2\/media?parent=37677"}],"curies":[{"name":"wp","href":"https:\/\/api.w.org\/{rel}","templated":true}]}}